{"id":8,"date":"2022-03-24T10:03:44","date_gmt":"2022-03-24T10:03:44","guid":{"rendered":"http:\/\/kaposhotel.hu\/?page_id=8"},"modified":"2022-10-05T10:04:48","modified_gmt":"2022-10-05T08:04:48","slug":"gasztronomy","status":"publish","type":"page","link":"https:\/\/kaposhotel.hu\/english\/gasztronomy\/","title":{"rendered":"Gastronomy"},"content":{"rendered":"\n<h2 class=\"wp-block-heading\">Kapos Restaurant<\/h2>\n\n\n\n<h4 class=\"wp-block-heading\">The most popular restaurant in town<\/h4>\n\n\n\n<p>You may find public figures, businesspeople, families from Kaposv\u00e1r and the region, as well as tourists immersing themselves in culinary pleasures at our restaurant. Our creative menu offers a wide range of selection from the traditional Hungarian, as well as international cuisine.<\/p>\n\n\n\n<p>Besides traditional Hungarian meals, you may also try dishes typical of the Somogy region, and enjoy desserts prepared at our very own pastry shop.<\/p>\n\n\n\n<div class=\"carts\">\n        <div class=\"one-fourth\">\n            <div class=\"cart-type\">\n                <a href=\"\/english\/weekly-menu\">\n                    <h3>Weekly menu<\/h3>\n                <\/a>\n                <figure class=\"cart-type-img\"><img decoding=\"async\" src=\"\/img\/heti-menu2.jpg\"><\/figure>\n            <\/div>\n            <div class=\"cart-type-content\">\n                <a href=\"\/small-size.html\" class=\"cart-type-title\"><\/a>\n                <p class=\"cart-type-text\"><\/p>\n            <\/div>\n        <\/div>\n        <div class=\"one-fourth\">\n            <div class=\"cart-type\">\n                <a href=\"\/english\/ala-carte-menu\">\n                    <h3>A&#8217;la carte menu<\/h3>\n                <\/a>\n                <figure class=\"cart-type-img\"><img decoding=\"async\" src=\"\/img\/etlap.jpg\"><\/figure>\n            <\/div>\n            <div class=\"cart-type-content\">\n                <a href=\"\/small-size.html\" class=\"cart-type-title\"><\/a>\n                <p class=\"cart-type-text\"><\/p>\n            <\/div>\n        <\/div>\n        <div class=\"one-fourth\">\n            <div class=\"cart-type\">\n                <a href=\"\/english\/beverages\">\n                    <h3>Beverages<\/h3>\n                <\/a>\n                <figure class=\"cart-type-img\"><img decoding=\"async\" src=\"\/img\/itallap3.jpg\"><\/figure>\n            <\/div>\n            <div class=\"cart-type-content\">\n                <a href=\"\/small-size.html\" class=\"cart-type-title\"><\/a>\n                <p class=\"cart-type-text\"><\/p>\n            <\/div>\n        <\/div>\n        <div class=\"one-fourth\">\n            <div class=\"cart-type\">\n                <a href=\"\/english\/wine-list\">\n                    <h3>Wine list<\/h3>\n                <\/a>\n                <figure class=\"cart-type-img\"><img decoding=\"async\" src=\"\/img\/borlap.jpg\"><\/figure>\n            <\/div>\n            <div class=\"cart-type-content\">\n                <a href=\"\/small-size.html\" class=\"cart-type-title\"><\/a>\n                <p class=\"cart-type-text\"><\/p>\n            <\/div>\n        <\/div>\n    <\/div>\n\n\n\n<div class=\"wp-block-columns is-layout-flex wp-container-core-columns-is-layout-9d6595d7 wp-block-columns-is-layout-flex\">\n<div class=\"wp-block-column is-layout-flow wp-block-column-is-layout-flow\">\n<h3 class=\"wp-block-heading\">Opening hours:<\/h3>\n\n\n\n<p>Start the day with a brunch, followed by a hearty lunch. Why not continue with a cookie and coffee in the afternoon, just before a cosy dinner at the main square?<\/p>\n\n\n\n<ul class=\"info wp-block-list\"><li>Restaurant: 9am &#8211; 9pm<\/li><li>Kapos Caf\u00e9: 7am &#8211; 7pm<\/li><\/ul>\n\n\n\n<h3 class=\"wp-block-heading\">Order:<\/h3>\n\n\n\n<p>We\u2019re located at Kossuth square in Kaposv\u00e1r.<\/p>\n\n\n\n<ul class=\"wp-block-list\"><li>Call us at: <a href=\"tel:3682458580\">+36-82-458-580<\/a><\/li><li>Email us at: <a href=\"mailto:info@kaposhotel.hu\">info@kaposhotel.hu<\/a><\/li><\/ul>\n\n\n\n<h3 class=\"wp-block-heading\">Information regarding reservations:<\/h3>\n\n\n\n<p>We provide catering services for events, business or personal gatherings or weddings with a delivery service to your chosen location on demand.<\/p>\n\n\n\n<p>Cold dishes, vegetable and fruit platters, warm dishes are all available.<\/p>\n<\/div>\n\n\n\n<div class=\"wp-block-column is-layout-flow wp-block-column-is-layout-flow\">\nngg_shortcode_0_placeholder\n<\/div>\n<\/div>\n\n\n\n<h2 class=\"wp-block-heading\">Kapos Caf\u00e9<\/h2>\n\n\n\n<h4 class=\"wp-block-heading\">Start your day with an aromatic coffee, cappuccino or tea at the Kapos Caf\u00e9. <\/h4>\n\n\n\n<p>KAPOS CAF\u00c9 allows you to feel the atmosphere of the cigar smoky coffee houses of the past. Visit us and flip through a newspaper, indulge yourself with the help of our special coffee and tea selections, as well as our very own pastry-shop\u2019s cookies and cakes.<\/p>\n\n\n\n<p>The private room is a perfect choice for press conferences, business meetings and product presentations with a smaller number of guests.<\/p>\n\n\n\n<p>You may also order coffee, tea, hot chocolate with various seasonings from our caf\u00e9, whereas our pastry shop is ready to take your order for its pastries and cakes.<\/p>\n\n\n\n<div class=\"wp-block-columns is-layout-flex wp-container-core-columns-is-layout-9d6595d7 wp-block-columns-is-layout-flex\">\n<div class=\"wp-block-column is-layout-flow wp-block-column-is-layout-flow\">\n<h3 class=\"wp-block-heading\">Kapos Pastry Shop:<\/h3>\n\n\n\n<p>We cannot imagine special days and events without a sweet surprise. Everybody loves KAPOS PASTRY SHOP\u2019S traditional pastries and home-made style cookies. We also recommend our very own pastry shop\u2019s cakes, sweet and savoury petit fours to events and family gatherings.<\/p>\n\n\n\n<ul class=\"wp-block-list\"><li>Call us at: <a href=\"tel:3682458580\">+36-82-458-580<\/a><\/li><li>Email us at: <a href=\"mailto:info@kaposhotel.hu\">info@kaposhotel.hu<\/a><\/li><\/ul>\n<\/div>\n\n\n\n<div class=\"wp-block-column is-layout-flow wp-block-column-is-layout-flow\">\nngg_shortcode_1_placeholder\n<\/div>\n<\/div>\n","protected":false},"excerpt":{"rendered":"<p>Kapos Restaurant The most popular restaurant in town You may find public figures, businesspeople, families from Kaposv\u00e1r and the region, as well as tourists immersing themselves in culinary pleasures at our restaurant. Our creative menu offers a wide range of selection from the traditional Hungarian, as well as international cuisine. Besides traditional Hungarian meals, you [&hellip;]<\/p>\n","protected":false},"author":1,"featured_media":78,"parent":0,"menu_order":1,"comment_status":"closed","ping_status":"closed","template":"page-gasztronomia.php","meta":{"ngg_post_thumbnail":0,"footnotes":""},"class_list":["post-8","page","type-page","status-publish","has-post-thumbnail","hentry"],"yoast_head":"<!-- This site is optimized with the Yoast SEO plugin v27.4 - https:\/\/yoast.com\/product\/yoast-seo-wordpress\/ -->\n<title>Gastronomy - Kapos Hotel<\/title>\n<meta name=\"description\" content=\"A v\u00e1ros legkedveltebb \u00e9tterme. Trad\u00edcion\u00e1lis magyaros \u00e9telek, somogyi specialit\u00e1sok. Saj\u00e1t cukr\u00e1szatunk van, desszertjeink helyben k\u00e9sz\u00fclnek\" \/>\n<meta name=\"robots\" content=\"index, follow, max-snippet:-1, max-image-preview:large, max-video-preview:-1\" \/>\n<link rel=\"canonical\" href=\"https:\/\/kaposhotel.hu\/english\/gasztronomy\/\" \/>\n<meta property=\"og:locale\" content=\"en_US\" \/>\n<meta property=\"og:type\" content=\"article\" \/>\n<meta property=\"og:title\" content=\"Gastronomy - Kapos Hotel\" \/>\n<meta property=\"og:description\" content=\"A v\u00e1ros legkedveltebb \u00e9tterme. Trad\u00edcion\u00e1lis magyaros \u00e9telek, somogyi specialit\u00e1sok. Saj\u00e1t cukr\u00e1szatunk van, desszertjeink helyben k\u00e9sz\u00fclnek\" \/>\n<meta property=\"og:url\" content=\"https:\/\/kaposhotel.hu\/english\/gasztronomy\/\" \/>\n<meta property=\"og:site_name\" content=\"Kapos Hotel\" \/>\n<meta property=\"article:modified_time\" content=\"2022-10-05T08:04:48+00:00\" \/>\n<meta property=\"og:image\" content=\"https:\/\/kaposhotel.hu\/english\/wp-content\/uploads\/2022\/03\/borjulab.jpg\" \/>\n\t<meta property=\"og:image:width\" content=\"640\" \/>\n\t<meta property=\"og:image:height\" content=\"427\" \/>\n\t<meta property=\"og:image:type\" content=\"image\/jpeg\" \/>\n<meta name=\"twitter:card\" content=\"summary_large_image\" \/>\n<meta name=\"twitter:label1\" content=\"Est. reading time\" \/>\n\t<meta name=\"twitter:data1\" content=\"3 minutes\" \/>\n<script type=\"application\/ld+json\" class=\"yoast-schema-graph\">{\"@context\":\"https:\\\/\\\/schema.org\",\"@graph\":[{\"@type\":\"WebPage\",\"@id\":\"https:\\\/\\\/kaposhotel.hu\\\/english\\\/gasztronomy\\\/\",\"url\":\"https:\\\/\\\/kaposhotel.hu\\\/english\\\/gasztronomy\\\/\",\"name\":\"Gastronomy - Kapos Hotel\",\"isPartOf\":{\"@id\":\"https:\\\/\\\/kaposhotel.hu\\\/english\\\/#website\"},\"primaryImageOfPage\":{\"@id\":\"https:\\\/\\\/kaposhotel.hu\\\/english\\\/gasztronomy\\\/#primaryimage\"},\"image\":{\"@id\":\"https:\\\/\\\/kaposhotel.hu\\\/english\\\/gasztronomy\\\/#primaryimage\"},\"thumbnailUrl\":\"https:\\\/\\\/kaposhotel.hu\\\/english\\\/wp-content\\\/uploads\\\/2022\\\/03\\\/borjulab.jpg\",\"datePublished\":\"2022-03-24T10:03:44+00:00\",\"dateModified\":\"2022-10-05T08:04:48+00:00\",\"description\":\"A v\u00e1ros legkedveltebb \u00e9tterme. Trad\u00edcion\u00e1lis magyaros \u00e9telek, somogyi specialit\u00e1sok. Saj\u00e1t cukr\u00e1szatunk van, desszertjeink helyben k\u00e9sz\u00fclnek\",\"breadcrumb\":{\"@id\":\"https:\\\/\\\/kaposhotel.hu\\\/english\\\/gasztronomy\\\/#breadcrumb\"},\"inLanguage\":\"en-US\",\"potentialAction\":[{\"@type\":\"ReadAction\",\"target\":[\"https:\\\/\\\/kaposhotel.hu\\\/english\\\/gasztronomy\\\/\"]}]},{\"@type\":\"ImageObject\",\"inLanguage\":\"en-US\",\"@id\":\"https:\\\/\\\/kaposhotel.hu\\\/english\\\/gasztronomy\\\/#primaryimage\",\"url\":\"https:\\\/\\\/kaposhotel.hu\\\/english\\\/wp-content\\\/uploads\\\/2022\\\/03\\\/borjulab.jpg\",\"contentUrl\":\"https:\\\/\\\/kaposhotel.hu\\\/english\\\/wp-content\\\/uploads\\\/2022\\\/03\\\/borjulab.jpg\",\"width\":640,\"height\":427,\"caption\":\"r\u00e1ntott borj\u00fal\u00e1b\"},{\"@type\":\"BreadcrumbList\",\"@id\":\"https:\\\/\\\/kaposhotel.hu\\\/english\\\/gasztronomy\\\/#breadcrumb\",\"itemListElement\":[{\"@type\":\"ListItem\",\"position\":1,\"name\":\"Kezd\u0151lap\",\"item\":\"https:\\\/\\\/kaposhotel.hu\\\/english\\\/\"},{\"@type\":\"ListItem\",\"position\":2,\"name\":\"Gastronomy\"}]},{\"@type\":\"WebSite\",\"@id\":\"https:\\\/\\\/kaposhotel.hu\\\/english\\\/#website\",\"url\":\"https:\\\/\\\/kaposhotel.hu\\\/english\\\/\",\"name\":\"Kapos Hotel\",\"description\":\"Caf\u00e9, Restaurant\",\"publisher\":{\"@id\":\"https:\\\/\\\/kaposhotel.hu\\\/english\\\/#organization\"},\"potentialAction\":[{\"@type\":\"SearchAction\",\"target\":{\"@type\":\"EntryPoint\",\"urlTemplate\":\"https:\\\/\\\/kaposhotel.hu\\\/english\\\/?s={search_term_string}\"},\"query-input\":{\"@type\":\"PropertyValueSpecification\",\"valueRequired\":true,\"valueName\":\"search_term_string\"}}],\"inLanguage\":\"en-US\"},{\"@type\":\"Organization\",\"@id\":\"https:\\\/\\\/kaposhotel.hu\\\/english\\\/#organization\",\"name\":\"Kapos Hotel - Caf\u00e9, Restaurant\",\"url\":\"https:\\\/\\\/kaposhotel.hu\\\/english\\\/\",\"logo\":{\"@type\":\"ImageObject\",\"inLanguage\":\"en-US\",\"@id\":\"https:\\\/\\\/kaposhotel.hu\\\/english\\\/#\\\/schema\\\/logo\\\/image\\\/\",\"url\":\"http:\\\/\\\/kaposhotel.hu\\\/wp-content\\\/uploads\\\/2022\\\/04\\\/favicon.png\",\"contentUrl\":\"http:\\\/\\\/kaposhotel.hu\\\/wp-content\\\/uploads\\\/2022\\\/04\\\/favicon.png\",\"width\":512,\"height\":512,\"caption\":\"Kapos Hotel - Caf\u00e9, Restaurant\"},\"image\":{\"@id\":\"https:\\\/\\\/kaposhotel.hu\\\/english\\\/#\\\/schema\\\/logo\\\/image\\\/\"}}]}<\/script>\n<!-- \/ Yoast SEO plugin. -->","yoast_head_json":{"title":"Gastronomy - Kapos Hotel","description":"A v\u00e1ros legkedveltebb \u00e9tterme. Trad\u00edcion\u00e1lis magyaros \u00e9telek, somogyi specialit\u00e1sok. Saj\u00e1t cukr\u00e1szatunk van, desszertjeink helyben k\u00e9sz\u00fclnek","robots":{"index":"index","follow":"follow","max-snippet":"max-snippet:-1","max-image-preview":"max-image-preview:large","max-video-preview":"max-video-preview:-1"},"canonical":"https:\/\/kaposhotel.hu\/english\/gasztronomy\/","og_locale":"en_US","og_type":"article","og_title":"Gastronomy - Kapos Hotel","og_description":"A v\u00e1ros legkedveltebb \u00e9tterme. Trad\u00edcion\u00e1lis magyaros \u00e9telek, somogyi specialit\u00e1sok. Saj\u00e1t cukr\u00e1szatunk van, desszertjeink helyben k\u00e9sz\u00fclnek","og_url":"https:\/\/kaposhotel.hu\/english\/gasztronomy\/","og_site_name":"Kapos Hotel","article_modified_time":"2022-10-05T08:04:48+00:00","og_image":[{"width":640,"height":427,"url":"https:\/\/kaposhotel.hu\/english\/wp-content\/uploads\/2022\/03\/borjulab.jpg","type":"image\/jpeg"}],"twitter_card":"summary_large_image","twitter_misc":{"Est. reading time":"3 minutes"},"schema":{"@context":"https:\/\/schema.org","@graph":[{"@type":"WebPage","@id":"https:\/\/kaposhotel.hu\/english\/gasztronomy\/","url":"https:\/\/kaposhotel.hu\/english\/gasztronomy\/","name":"Gastronomy - Kapos Hotel","isPartOf":{"@id":"https:\/\/kaposhotel.hu\/english\/#website"},"primaryImageOfPage":{"@id":"https:\/\/kaposhotel.hu\/english\/gasztronomy\/#primaryimage"},"image":{"@id":"https:\/\/kaposhotel.hu\/english\/gasztronomy\/#primaryimage"},"thumbnailUrl":"https:\/\/kaposhotel.hu\/english\/wp-content\/uploads\/2022\/03\/borjulab.jpg","datePublished":"2022-03-24T10:03:44+00:00","dateModified":"2022-10-05T08:04:48+00:00","description":"A v\u00e1ros legkedveltebb \u00e9tterme. Trad\u00edcion\u00e1lis magyaros \u00e9telek, somogyi specialit\u00e1sok. Saj\u00e1t cukr\u00e1szatunk van, desszertjeink helyben k\u00e9sz\u00fclnek","breadcrumb":{"@id":"https:\/\/kaposhotel.hu\/english\/gasztronomy\/#breadcrumb"},"inLanguage":"en-US","potentialAction":[{"@type":"ReadAction","target":["https:\/\/kaposhotel.hu\/english\/gasztronomy\/"]}]},{"@type":"ImageObject","inLanguage":"en-US","@id":"https:\/\/kaposhotel.hu\/english\/gasztronomy\/#primaryimage","url":"https:\/\/kaposhotel.hu\/english\/wp-content\/uploads\/2022\/03\/borjulab.jpg","contentUrl":"https:\/\/kaposhotel.hu\/english\/wp-content\/uploads\/2022\/03\/borjulab.jpg","width":640,"height":427,"caption":"r\u00e1ntott borj\u00fal\u00e1b"},{"@type":"BreadcrumbList","@id":"https:\/\/kaposhotel.hu\/english\/gasztronomy\/#breadcrumb","itemListElement":[{"@type":"ListItem","position":1,"name":"Kezd\u0151lap","item":"https:\/\/kaposhotel.hu\/english\/"},{"@type":"ListItem","position":2,"name":"Gastronomy"}]},{"@type":"WebSite","@id":"https:\/\/kaposhotel.hu\/english\/#website","url":"https:\/\/kaposhotel.hu\/english\/","name":"Kapos Hotel","description":"Caf\u00e9, Restaurant","publisher":{"@id":"https:\/\/kaposhotel.hu\/english\/#organization"},"potentialAction":[{"@type":"SearchAction","target":{"@type":"EntryPoint","urlTemplate":"https:\/\/kaposhotel.hu\/english\/?s={search_term_string}"},"query-input":{"@type":"PropertyValueSpecification","valueRequired":true,"valueName":"search_term_string"}}],"inLanguage":"en-US"},{"@type":"Organization","@id":"https:\/\/kaposhotel.hu\/english\/#organization","name":"Kapos Hotel - Caf\u00e9, Restaurant","url":"https:\/\/kaposhotel.hu\/english\/","logo":{"@type":"ImageObject","inLanguage":"en-US","@id":"https:\/\/kaposhotel.hu\/english\/#\/schema\/logo\/image\/","url":"http:\/\/kaposhotel.hu\/wp-content\/uploads\/2022\/04\/favicon.png","contentUrl":"http:\/\/kaposhotel.hu\/wp-content\/uploads\/2022\/04\/favicon.png","width":512,"height":512,"caption":"Kapos Hotel - Caf\u00e9, Restaurant"},"image":{"@id":"https:\/\/kaposhotel.hu\/english\/#\/schema\/logo\/image\/"}}]}},"_links":{"self":[{"href":"https:\/\/kaposhotel.hu\/english\/wp-json\/wp\/v2\/pages\/8","targetHints":{"allow":["GET"]}}],"collection":[{"href":"https:\/\/kaposhotel.hu\/english\/wp-json\/wp\/v2\/pages"}],"about":[{"href":"https:\/\/kaposhotel.hu\/english\/wp-json\/wp\/v2\/types\/page"}],"author":[{"embeddable":true,"href":"https:\/\/kaposhotel.hu\/english\/wp-json\/wp\/v2\/users\/1"}],"replies":[{"embeddable":true,"href":"https:\/\/kaposhotel.hu\/english\/wp-json\/wp\/v2\/comments?post=8"}],"version-history":[{"count":12,"href":"https:\/\/kaposhotel.hu\/english\/wp-json\/wp\/v2\/pages\/8\/revisions"}],"predecessor-version":[{"id":1686,"href":"https:\/\/kaposhotel.hu\/english\/wp-json\/wp\/v2\/pages\/8\/revisions\/1686"}],"wp:featuredmedia":[{"embeddable":true,"href":"https:\/\/kaposhotel.hu\/english\/wp-json\/wp\/v2\/media\/78"}],"wp:attachment":[{"href":"https:\/\/kaposhotel.hu\/english\/wp-json\/wp\/v2\/media?parent=8"}],"curies":[{"name":"wp","href":"https:\/\/api.w.org\/{rel}","templated":true}]}}