{"id":18,"date":"2022-03-24T10:05:00","date_gmt":"2022-03-24T10:05:00","guid":{"rendered":"http:\/\/kaposhotel.hu\/?page_id=18"},"modified":"2022-07-15T16:55:24","modified_gmt":"2022-07-15T14:55:24","slug":"gallery","status":"publish","type":"page","link":"https:\/\/kaposhotel.hu\/english\/gallery\/","title":{"rendered":"Gallery"},"content":{"rendered":"\nngg_shortcode_0_placeholder\n\n\n\n<h2 class=\"has-text-align-center wp-block-heading\">Conference rooms<\/h2>\n\n\n\n<h3 class=\"has-text-align-center wp-block-heading\"><a href=\"#kocsiterem\">Kocsiterem<\/a><\/h3>\n\n\n\n<div class=\"wp-block-columns is-layout-flex wp-container-core-columns-is-layout-9d6595d7 wp-block-columns-is-layout-flex\">\n<div class=\"wp-block-column is-layout-flow wp-block-column-is-layout-flow\">\nngg_shortcode_1_placeholder\n<\/div>\n<\/div>\n\n\n\n<h3 class=\"has-text-align-center wp-block-heading\"><a data-type=\"internal\" data-id=\"#bar\" href=\"#bar\">Bar<\/a><\/h3>\n\n\n\nngg_shortcode_2_placeholder\n\n\n\n<h3 class=\"has-text-align-center wp-block-heading\"><a href=\"#rotary\">Rotary<\/a><\/h3>\n\n\n\nngg_shortcode_3_placeholder\n\n\n\n<h3 class=\"has-text-align-center wp-block-heading\"><a data-type=\"internal\" data-id=\"#konferenciaterem\" href=\"#konferenciaterem\">Conference room I.<\/a><\/h3>\n\n\n\nngg_shortcode_4_placeholder\n\n\n\n<h3 class=\"has-text-align-center wp-block-heading\"><a data-type=\"internal\" data-id=\"#etterem\" href=\"#etterem\">Kapos Caf\u00e9<\/a><\/h3>\n\n\n\nngg_shortcode_5_placeholder\n","protected":false},"excerpt":{"rendered":"<p>Conference rooms Kocsiterem Bar Rotary Conference room I. Kapos Caf\u00e9<\/p>\n","protected":false},"author":1,"featured_media":0,"parent":0,"menu_order":0,"comment_status":"closed","ping_status":"closed","template":"page-full-width.php","meta":{"ngg_post_thumbnail":0,"footnotes":""},"class_list":["post-18","page","type-page","status-publish","hentry"],"yoast_head":"<!-- This site is optimized with the Yoast SEO plugin v27.4 - https:\/\/yoast.com\/product\/yoast-seo-wordpress\/ -->\n<title>Gallery - Kapos Hotel<\/title>\n<meta name=\"description\" content=\"Hotel Kapos k\u00e9pekben. Ha m\u00e9g nem j\u00e1rt n\u00e1lunk, rem\u00e9lj\u00fck seg\u00edt\u00fcnk a d\u00f6nt\u00e9sben, hogy hamarosan Vend\u00e9g\u00fcnkk\u00e9nt k\u00f6sz\u00f6nts\u00fck \u00d6nt.\" \/>\n<meta name=\"robots\" content=\"index, follow, max-snippet:-1, max-image-preview:large, max-video-preview:-1\" \/>\n<link rel=\"canonical\" href=\"https:\/\/kaposhotel.hu\/english\/gallery\/\" \/>\n<meta property=\"og:locale\" content=\"en_US\" \/>\n<meta property=\"og:type\" content=\"article\" \/>\n<meta property=\"og:title\" content=\"Gallery - Kapos Hotel\" \/>\n<meta property=\"og:description\" content=\"Hotel Kapos k\u00e9pekben. Ha m\u00e9g nem j\u00e1rt n\u00e1lunk, rem\u00e9lj\u00fck seg\u00edt\u00fcnk a d\u00f6nt\u00e9sben, hogy hamarosan Vend\u00e9g\u00fcnkk\u00e9nt k\u00f6sz\u00f6nts\u00fck \u00d6nt.\" \/>\n<meta property=\"og:url\" content=\"https:\/\/kaposhotel.hu\/english\/gallery\/\" \/>\n<meta property=\"og:site_name\" content=\"Kapos Hotel\" \/>\n<meta property=\"article:modified_time\" content=\"2022-07-15T14:55:24+00:00\" \/>\n<meta name=\"twitter:card\" content=\"summary_large_image\" \/>\n<meta name=\"twitter:label1\" content=\"Est. reading time\" \/>\n\t<meta name=\"twitter:data1\" content=\"1 minute\" \/>\n<script type=\"application\/ld+json\" class=\"yoast-schema-graph\">{\"@context\":\"https:\\\/\\\/schema.org\",\"@graph\":[{\"@type\":\"WebPage\",\"@id\":\"https:\\\/\\\/kaposhotel.hu\\\/english\\\/gallery\\\/\",\"url\":\"https:\\\/\\\/kaposhotel.hu\\\/english\\\/gallery\\\/\",\"name\":\"Gallery - Kapos Hotel\",\"isPartOf\":{\"@id\":\"https:\\\/\\\/kaposhotel.hu\\\/english\\\/#website\"},\"datePublished\":\"2022-03-24T10:05:00+00:00\",\"dateModified\":\"2022-07-15T14:55:24+00:00\",\"description\":\"Hotel Kapos k\u00e9pekben. Ha m\u00e9g nem j\u00e1rt n\u00e1lunk, rem\u00e9lj\u00fck seg\u00edt\u00fcnk a d\u00f6nt\u00e9sben, hogy hamarosan Vend\u00e9g\u00fcnkk\u00e9nt k\u00f6sz\u00f6nts\u00fck \u00d6nt.\",\"breadcrumb\":{\"@id\":\"https:\\\/\\\/kaposhotel.hu\\\/english\\\/gallery\\\/#breadcrumb\"},\"inLanguage\":\"en-US\",\"potentialAction\":[{\"@type\":\"ReadAction\",\"target\":[\"https:\\\/\\\/kaposhotel.hu\\\/english\\\/gallery\\\/\"]}]},{\"@type\":\"BreadcrumbList\",\"@id\":\"https:\\\/\\\/kaposhotel.hu\\\/english\\\/gallery\\\/#breadcrumb\",\"itemListElement\":[{\"@type\":\"ListItem\",\"position\":1,\"name\":\"Kezd\u0151lap\",\"item\":\"https:\\\/\\\/kaposhotel.hu\\\/english\\\/\"},{\"@type\":\"ListItem\",\"position\":2,\"name\":\"Gallery\"}]},{\"@type\":\"WebSite\",\"@id\":\"https:\\\/\\\/kaposhotel.hu\\\/english\\\/#website\",\"url\":\"https:\\\/\\\/kaposhotel.hu\\\/english\\\/\",\"name\":\"Kapos Hotel\",\"description\":\"Caf\u00e9, Restaurant\",\"publisher\":{\"@id\":\"https:\\\/\\\/kaposhotel.hu\\\/english\\\/#organization\"},\"potentialAction\":[{\"@type\":\"SearchAction\",\"target\":{\"@type\":\"EntryPoint\",\"urlTemplate\":\"https:\\\/\\\/kaposhotel.hu\\\/english\\\/?s={search_term_string}\"},\"query-input\":{\"@type\":\"PropertyValueSpecification\",\"valueRequired\":true,\"valueName\":\"search_term_string\"}}],\"inLanguage\":\"en-US\"},{\"@type\":\"Organization\",\"@id\":\"https:\\\/\\\/kaposhotel.hu\\\/english\\\/#organization\",\"name\":\"Kapos Hotel - Caf\u00e9, Restaurant\",\"url\":\"https:\\\/\\\/kaposhotel.hu\\\/english\\\/\",\"logo\":{\"@type\":\"ImageObject\",\"inLanguage\":\"en-US\",\"@id\":\"https:\\\/\\\/kaposhotel.hu\\\/english\\\/#\\\/schema\\\/logo\\\/image\\\/\",\"url\":\"http:\\\/\\\/kaposhotel.hu\\\/wp-content\\\/uploads\\\/2022\\\/04\\\/favicon.png\",\"contentUrl\":\"http:\\\/\\\/kaposhotel.hu\\\/wp-content\\\/uploads\\\/2022\\\/04\\\/favicon.png\",\"width\":512,\"height\":512,\"caption\":\"Kapos Hotel - Caf\u00e9, Restaurant\"},\"image\":{\"@id\":\"https:\\\/\\\/kaposhotel.hu\\\/english\\\/#\\\/schema\\\/logo\\\/image\\\/\"}}]}<\/script>\n<!-- \/ Yoast SEO plugin. -->","yoast_head_json":{"title":"Gallery - Kapos Hotel","description":"Hotel Kapos k\u00e9pekben. Ha m\u00e9g nem j\u00e1rt n\u00e1lunk, rem\u00e9lj\u00fck seg\u00edt\u00fcnk a d\u00f6nt\u00e9sben, hogy hamarosan Vend\u00e9g\u00fcnkk\u00e9nt k\u00f6sz\u00f6nts\u00fck \u00d6nt.","robots":{"index":"index","follow":"follow","max-snippet":"max-snippet:-1","max-image-preview":"max-image-preview:large","max-video-preview":"max-video-preview:-1"},"canonical":"https:\/\/kaposhotel.hu\/english\/gallery\/","og_locale":"en_US","og_type":"article","og_title":"Gallery - Kapos Hotel","og_description":"Hotel Kapos k\u00e9pekben. Ha m\u00e9g nem j\u00e1rt n\u00e1lunk, rem\u00e9lj\u00fck seg\u00edt\u00fcnk a d\u00f6nt\u00e9sben, hogy hamarosan Vend\u00e9g\u00fcnkk\u00e9nt k\u00f6sz\u00f6nts\u00fck \u00d6nt.","og_url":"https:\/\/kaposhotel.hu\/english\/gallery\/","og_site_name":"Kapos Hotel","article_modified_time":"2022-07-15T14:55:24+00:00","twitter_card":"summary_large_image","twitter_misc":{"Est. reading time":"1 minute"},"schema":{"@context":"https:\/\/schema.org","@graph":[{"@type":"WebPage","@id":"https:\/\/kaposhotel.hu\/english\/gallery\/","url":"https:\/\/kaposhotel.hu\/english\/gallery\/","name":"Gallery - Kapos Hotel","isPartOf":{"@id":"https:\/\/kaposhotel.hu\/english\/#website"},"datePublished":"2022-03-24T10:05:00+00:00","dateModified":"2022-07-15T14:55:24+00:00","description":"Hotel Kapos k\u00e9pekben. Ha m\u00e9g nem j\u00e1rt n\u00e1lunk, rem\u00e9lj\u00fck seg\u00edt\u00fcnk a d\u00f6nt\u00e9sben, hogy hamarosan Vend\u00e9g\u00fcnkk\u00e9nt k\u00f6sz\u00f6nts\u00fck \u00d6nt.","breadcrumb":{"@id":"https:\/\/kaposhotel.hu\/english\/gallery\/#breadcrumb"},"inLanguage":"en-US","potentialAction":[{"@type":"ReadAction","target":["https:\/\/kaposhotel.hu\/english\/gallery\/"]}]},{"@type":"BreadcrumbList","@id":"https:\/\/kaposhotel.hu\/english\/gallery\/#breadcrumb","itemListElement":[{"@type":"ListItem","position":1,"name":"Kezd\u0151lap","item":"https:\/\/kaposhotel.hu\/english\/"},{"@type":"ListItem","position":2,"name":"Gallery"}]},{"@type":"WebSite","@id":"https:\/\/kaposhotel.hu\/english\/#website","url":"https:\/\/kaposhotel.hu\/english\/","name":"Kapos Hotel","description":"Caf\u00e9, Restaurant","publisher":{"@id":"https:\/\/kaposhotel.hu\/english\/#organization"},"potentialAction":[{"@type":"SearchAction","target":{"@type":"EntryPoint","urlTemplate":"https:\/\/kaposhotel.hu\/english\/?s={search_term_string}"},"query-input":{"@type":"PropertyValueSpecification","valueRequired":true,"valueName":"search_term_string"}}],"inLanguage":"en-US"},{"@type":"Organization","@id":"https:\/\/kaposhotel.hu\/english\/#organization","name":"Kapos Hotel - Caf\u00e9, Restaurant","url":"https:\/\/kaposhotel.hu\/english\/","logo":{"@type":"ImageObject","inLanguage":"en-US","@id":"https:\/\/kaposhotel.hu\/english\/#\/schema\/logo\/image\/","url":"http:\/\/kaposhotel.hu\/wp-content\/uploads\/2022\/04\/favicon.png","contentUrl":"http:\/\/kaposhotel.hu\/wp-content\/uploads\/2022\/04\/favicon.png","width":512,"height":512,"caption":"Kapos Hotel - Caf\u00e9, Restaurant"},"image":{"@id":"https:\/\/kaposhotel.hu\/english\/#\/schema\/logo\/image\/"}}]}},"_links":{"self":[{"href":"https:\/\/kaposhotel.hu\/english\/wp-json\/wp\/v2\/pages\/18","targetHints":{"allow":["GET"]}}],"collection":[{"href":"https:\/\/kaposhotel.hu\/english\/wp-json\/wp\/v2\/pages"}],"about":[{"href":"https:\/\/kaposhotel.hu\/english\/wp-json\/wp\/v2\/types\/page"}],"author":[{"embeddable":true,"href":"https:\/\/kaposhotel.hu\/english\/wp-json\/wp\/v2\/users\/1"}],"replies":[{"embeddable":true,"href":"https:\/\/kaposhotel.hu\/english\/wp-json\/wp\/v2\/comments?post=18"}],"version-history":[{"count":7,"href":"https:\/\/kaposhotel.hu\/english\/wp-json\/wp\/v2\/pages\/18\/revisions"}],"predecessor-version":[{"id":1449,"href":"https:\/\/kaposhotel.hu\/english\/wp-json\/wp\/v2\/pages\/18\/revisions\/1449"}],"wp:attachment":[{"href":"https:\/\/kaposhotel.hu\/english\/wp-json\/wp\/v2\/media?parent=18"}],"curies":[{"name":"wp","href":"https:\/\/api.w.org\/{rel}","templated":true}]}}