{"id":125,"date":"2025-06-06T14:02:31","date_gmt":"2025-06-06T12:02:31","guid":{"rendered":"http:\/\/kaposhotel.hu\/?page_id=125"},"modified":"2025-06-06T14:02:32","modified_gmt":"2025-06-06T12:02:32","slug":"wine-list","status":"publish","type":"page","link":"https:\/\/kaposhotel.hu\/english\/wine-list\/","title":{"rendered":"Wine list"},"content":{"rendered":"\n<p>You may find Kapos Restaurant\u2019s wine list in a flipbook format by clicking on the picture (you can turn the pages using the arrows next to the pictures), or you can also download the PDF under the pictures.<\/p>\n\n\n\nngg_shortcode_0_placeholder\n\n\n\n<div class=\"wp-block-file\"><a id=\"wp-block-file--media-30493b3f-7808-49ae-8d55-aac6e40fccde\" href=\"http:\/\/kaposhotel.hu\/english\/wp-content\/uploads\/2025\/06\/20250529_hotelkapos_kicsi.pdf\">20250529_hotelkapos_kicsi<\/a><a href=\"http:\/\/kaposhotel.hu\/english\/wp-content\/uploads\/2025\/06\/20250529_hotelkapos_kicsi.pdf\" class=\"wp-block-file__button wp-element-button\" download aria-describedby=\"wp-block-file--media-30493b3f-7808-49ae-8d55-aac6e40fccde\">Let\u00f6lt\u00e9s<\/a><\/div>\n","protected":false},"excerpt":{"rendered":"<p>You may find Kapos Restaurant\u2019s wine list in a flipbook format by clicking on the picture (you can turn the pages using the arrows next to the pictures), or you can also download the PDF under the pictures.<\/p>\n","protected":false},"author":1,"featured_media":0,"parent":0,"menu_order":0,"comment_status":"closed","ping_status":"closed","template":"page-gasztronomia.php","meta":{"ngg_post_thumbnail":0,"footnotes":""},"class_list":["post-125","page","type-page","status-publish","hentry"],"yoast_head":"<!-- This site is optimized with the Yoast SEO plugin v27.4 - https:\/\/yoast.com\/product\/yoast-seo-wordpress\/ -->\n<title>Wine list - Kapos Hotel<\/title>\n<meta name=\"description\" content=\"A Kapos Hotel aktu\u00e1lis borlapj\u00e1t tekintheti meg ezen az oldalon. Feh\u00e9rborok, v\u00f6r\u00f6sborok sz\u00e9les v\u00e1laszt\u00e9ka. Pl.: KONY\u00c1RI, IKON, BALLA stb.\" \/>\n<meta name=\"robots\" content=\"index, follow, max-snippet:-1, max-image-preview:large, max-video-preview:-1\" \/>\n<link rel=\"canonical\" href=\"https:\/\/kaposhotel.hu\/english\/wine-list\/\" \/>\n<meta property=\"og:locale\" content=\"en_US\" \/>\n<meta property=\"og:type\" content=\"article\" \/>\n<meta property=\"og:title\" content=\"Wine list - Kapos Hotel\" \/>\n<meta property=\"og:description\" content=\"A Kapos Hotel aktu\u00e1lis borlapj\u00e1t tekintheti meg ezen az oldalon. Feh\u00e9rborok, v\u00f6r\u00f6sborok sz\u00e9les v\u00e1laszt\u00e9ka. Pl.: KONY\u00c1RI, IKON, BALLA stb.\" \/>\n<meta property=\"og:url\" content=\"https:\/\/kaposhotel.hu\/english\/wine-list\/\" \/>\n<meta property=\"og:site_name\" content=\"Kapos Hotel\" \/>\n<meta property=\"article:modified_time\" content=\"2025-06-06T12:02:32+00:00\" \/>\n<meta name=\"twitter:card\" content=\"summary_large_image\" \/>\n<meta name=\"twitter:label1\" content=\"Est. reading time\" \/>\n\t<meta name=\"twitter:data1\" content=\"1 minute\" \/>\n<script type=\"application\/ld+json\" class=\"yoast-schema-graph\">{\"@context\":\"https:\\\/\\\/schema.org\",\"@graph\":[{\"@type\":\"WebPage\",\"@id\":\"https:\\\/\\\/kaposhotel.hu\\\/english\\\/wine-list\\\/\",\"url\":\"https:\\\/\\\/kaposhotel.hu\\\/english\\\/wine-list\\\/\",\"name\":\"Wine list - Kapos Hotel\",\"isPartOf\":{\"@id\":\"https:\\\/\\\/kaposhotel.hu\\\/english\\\/#website\"},\"datePublished\":\"2025-06-06T12:02:31+00:00\",\"dateModified\":\"2025-06-06T12:02:32+00:00\",\"description\":\"A Kapos Hotel aktu\u00e1lis borlapj\u00e1t tekintheti meg ezen az oldalon. Feh\u00e9rborok, v\u00f6r\u00f6sborok sz\u00e9les v\u00e1laszt\u00e9ka. Pl.: KONY\u00c1RI, IKON, BALLA stb.\",\"breadcrumb\":{\"@id\":\"https:\\\/\\\/kaposhotel.hu\\\/english\\\/wine-list\\\/#breadcrumb\"},\"inLanguage\":\"en-US\",\"potentialAction\":[{\"@type\":\"ReadAction\",\"target\":[\"https:\\\/\\\/kaposhotel.hu\\\/english\\\/wine-list\\\/\"]}]},{\"@type\":\"BreadcrumbList\",\"@id\":\"https:\\\/\\\/kaposhotel.hu\\\/english\\\/wine-list\\\/#breadcrumb\",\"itemListElement\":[{\"@type\":\"ListItem\",\"position\":1,\"name\":\"Kezd\u0151lap\",\"item\":\"https:\\\/\\\/kaposhotel.hu\\\/english\\\/\"},{\"@type\":\"ListItem\",\"position\":2,\"name\":\"Wine list\"}]},{\"@type\":\"WebSite\",\"@id\":\"https:\\\/\\\/kaposhotel.hu\\\/english\\\/#website\",\"url\":\"https:\\\/\\\/kaposhotel.hu\\\/english\\\/\",\"name\":\"Kapos Hotel\",\"description\":\"Caf\u00e9, Restaurant\",\"publisher\":{\"@id\":\"https:\\\/\\\/kaposhotel.hu\\\/english\\\/#organization\"},\"potentialAction\":[{\"@type\":\"SearchAction\",\"target\":{\"@type\":\"EntryPoint\",\"urlTemplate\":\"https:\\\/\\\/kaposhotel.hu\\\/english\\\/?s={search_term_string}\"},\"query-input\":{\"@type\":\"PropertyValueSpecification\",\"valueRequired\":true,\"valueName\":\"search_term_string\"}}],\"inLanguage\":\"en-US\"},{\"@type\":\"Organization\",\"@id\":\"https:\\\/\\\/kaposhotel.hu\\\/english\\\/#organization\",\"name\":\"Kapos Hotel - Caf\u00e9, Restaurant\",\"url\":\"https:\\\/\\\/kaposhotel.hu\\\/english\\\/\",\"logo\":{\"@type\":\"ImageObject\",\"inLanguage\":\"en-US\",\"@id\":\"https:\\\/\\\/kaposhotel.hu\\\/english\\\/#\\\/schema\\\/logo\\\/image\\\/\",\"url\":\"http:\\\/\\\/kaposhotel.hu\\\/wp-content\\\/uploads\\\/2022\\\/04\\\/favicon.png\",\"contentUrl\":\"http:\\\/\\\/kaposhotel.hu\\\/wp-content\\\/uploads\\\/2022\\\/04\\\/favicon.png\",\"width\":512,\"height\":512,\"caption\":\"Kapos Hotel - Caf\u00e9, Restaurant\"},\"image\":{\"@id\":\"https:\\\/\\\/kaposhotel.hu\\\/english\\\/#\\\/schema\\\/logo\\\/image\\\/\"}}]}<\/script>\n<!-- \/ Yoast SEO plugin. -->","yoast_head_json":{"title":"Wine list - Kapos Hotel","description":"A Kapos Hotel aktu\u00e1lis borlapj\u00e1t tekintheti meg ezen az oldalon. Feh\u00e9rborok, v\u00f6r\u00f6sborok sz\u00e9les v\u00e1laszt\u00e9ka. Pl.: KONY\u00c1RI, IKON, BALLA stb.","robots":{"index":"index","follow":"follow","max-snippet":"max-snippet:-1","max-image-preview":"max-image-preview:large","max-video-preview":"max-video-preview:-1"},"canonical":"https:\/\/kaposhotel.hu\/english\/wine-list\/","og_locale":"en_US","og_type":"article","og_title":"Wine list - Kapos Hotel","og_description":"A Kapos Hotel aktu\u00e1lis borlapj\u00e1t tekintheti meg ezen az oldalon. Feh\u00e9rborok, v\u00f6r\u00f6sborok sz\u00e9les v\u00e1laszt\u00e9ka. Pl.: KONY\u00c1RI, IKON, BALLA stb.","og_url":"https:\/\/kaposhotel.hu\/english\/wine-list\/","og_site_name":"Kapos Hotel","article_modified_time":"2025-06-06T12:02:32+00:00","twitter_card":"summary_large_image","twitter_misc":{"Est. reading time":"1 minute"},"schema":{"@context":"https:\/\/schema.org","@graph":[{"@type":"WebPage","@id":"https:\/\/kaposhotel.hu\/english\/wine-list\/","url":"https:\/\/kaposhotel.hu\/english\/wine-list\/","name":"Wine list - Kapos Hotel","isPartOf":{"@id":"https:\/\/kaposhotel.hu\/english\/#website"},"datePublished":"2025-06-06T12:02:31+00:00","dateModified":"2025-06-06T12:02:32+00:00","description":"A Kapos Hotel aktu\u00e1lis borlapj\u00e1t tekintheti meg ezen az oldalon. Feh\u00e9rborok, v\u00f6r\u00f6sborok sz\u00e9les v\u00e1laszt\u00e9ka. Pl.: KONY\u00c1RI, IKON, BALLA stb.","breadcrumb":{"@id":"https:\/\/kaposhotel.hu\/english\/wine-list\/#breadcrumb"},"inLanguage":"en-US","potentialAction":[{"@type":"ReadAction","target":["https:\/\/kaposhotel.hu\/english\/wine-list\/"]}]},{"@type":"BreadcrumbList","@id":"https:\/\/kaposhotel.hu\/english\/wine-list\/#breadcrumb","itemListElement":[{"@type":"ListItem","position":1,"name":"Kezd\u0151lap","item":"https:\/\/kaposhotel.hu\/english\/"},{"@type":"ListItem","position":2,"name":"Wine list"}]},{"@type":"WebSite","@id":"https:\/\/kaposhotel.hu\/english\/#website","url":"https:\/\/kaposhotel.hu\/english\/","name":"Kapos Hotel","description":"Caf\u00e9, Restaurant","publisher":{"@id":"https:\/\/kaposhotel.hu\/english\/#organization"},"potentialAction":[{"@type":"SearchAction","target":{"@type":"EntryPoint","urlTemplate":"https:\/\/kaposhotel.hu\/english\/?s={search_term_string}"},"query-input":{"@type":"PropertyValueSpecification","valueRequired":true,"valueName":"search_term_string"}}],"inLanguage":"en-US"},{"@type":"Organization","@id":"https:\/\/kaposhotel.hu\/english\/#organization","name":"Kapos Hotel - Caf\u00e9, Restaurant","url":"https:\/\/kaposhotel.hu\/english\/","logo":{"@type":"ImageObject","inLanguage":"en-US","@id":"https:\/\/kaposhotel.hu\/english\/#\/schema\/logo\/image\/","url":"http:\/\/kaposhotel.hu\/wp-content\/uploads\/2022\/04\/favicon.png","contentUrl":"http:\/\/kaposhotel.hu\/wp-content\/uploads\/2022\/04\/favicon.png","width":512,"height":512,"caption":"Kapos Hotel - Caf\u00e9, Restaurant"},"image":{"@id":"https:\/\/kaposhotel.hu\/english\/#\/schema\/logo\/image\/"}}]}},"_links":{"self":[{"href":"https:\/\/kaposhotel.hu\/english\/wp-json\/wp\/v2\/pages\/125","targetHints":{"allow":["GET"]}}],"collection":[{"href":"https:\/\/kaposhotel.hu\/english\/wp-json\/wp\/v2\/pages"}],"about":[{"href":"https:\/\/kaposhotel.hu\/english\/wp-json\/wp\/v2\/types\/page"}],"author":[{"embeddable":true,"href":"https:\/\/kaposhotel.hu\/english\/wp-json\/wp\/v2\/users\/1"}],"replies":[{"embeddable":true,"href":"https:\/\/kaposhotel.hu\/english\/wp-json\/wp\/v2\/comments?post=125"}],"version-history":[{"count":9,"href":"https:\/\/kaposhotel.hu\/english\/wp-json\/wp\/v2\/pages\/125\/revisions"}],"predecessor-version":[{"id":2340,"href":"https:\/\/kaposhotel.hu\/english\/wp-json\/wp\/v2\/pages\/125\/revisions\/2340"}],"wp:attachment":[{"href":"https:\/\/kaposhotel.hu\/english\/wp-json\/wp\/v2\/media?parent=125"}],"curies":[{"name":"wp","href":"https:\/\/api.w.org\/{rel}","templated":true}]}}