{"id":100,"date":"2022-03-28T17:39:05","date_gmt":"2022-03-28T17:39:05","guid":{"rendered":"http:\/\/kaposhotel.hu\/?page_id=100"},"modified":"2022-04-28T10:32:32","modified_gmt":"2022-04-28T10:32:32","slug":"szalloda","status":"publish","type":"page","link":"https:\/\/kaposhotel.hu\/english\/szalloda\/","title":{"rendered":"Sz\u00e1lloda"},"content":{"rendered":"\n<p><strong>2021. szeptember 1-j\u00e9t k\u00f6vet\u0151en, a hat\u00e1lyos jogszab\u00e1lyok \u00e9rtelm\u00e9ben, a Magyarorsz\u00e1gon sz\u00e1ll\u00e1shely-szolg\u00e1ltat\u00e1st ig\u00e9nybe vev\u0151k jogszab\u00e1lyban meghat\u00e1rozott szem\u00e9lyes adatait a sz\u00e1ll\u00e1shely-szolg\u00e1ltat\u00f3 okm\u00e1nyolvas\u00f3n kereszt\u00fcl sz\u00e1ll\u00e1shelykezel\u0151 szoftver\u00e9ben r\u00f6gz\u00edti, \u00e9s egy t\u00e1rhelyre, a Vend\u00e9g Inform\u00e1ci\u00f3s Z\u00e1rt Adatb\u00e1zisba (VIZA) tov\u00e1bb\u00edtja. www.vizainfo.hu. Jogszab\u00e1lyi elrendel\u00e9s alapj\u00e1n a sz\u00e1ll\u00e1shely-szolg\u00e1ltat\u00f3 jogosult elk\u00e9rni a vend\u00e9g szem\u00e9lyazonos\u00edt\u00f3 okm\u00e1ny\u00e1t.<\/strong><\/p>\n\n\n\n<div class=\"wp-block-media-text alignwide is-stacked-on-mobile\"><figure class=\"wp-block-media-text__media\"><img loading=\"lazy\" decoding=\"async\" width=\"640\" height=\"427\" src=\"http:\/\/kaposhotel.hu\/wp-content\/uploads\/2022\/03\/recepcio.jpg\" alt=\"\" class=\"wp-image-85 size-full\" srcset=\"https:\/\/kaposhotel.hu\/english\/wp-content\/uploads\/2022\/03\/recepcio.jpg 640w, https:\/\/kaposhotel.hu\/english\/wp-content\/uploads\/2022\/03\/recepcio-300x200.jpg 300w\" sizes=\"auto, (max-width: 640px) 100vw, 640px\" \/><\/figure><div class=\"wp-block-media-text__content\">\n<p><strong><br><\/strong>Sz\u00e1llod\u00e1nk Kaposv\u00e1r f\u0151ter\u00e9n tal\u00e1lhat\u00f3. Meg\u00fajult szob\u00e1inkb\u00f3l egyed\u00fcl\u00e1ll\u00f3 panor\u00e1ma ny\u00edlik a t\u00f6rt\u00e9nelmi belv\u00e1rosra.<br>Recepci\u00f3nk \u00faj vonalas telefonsz\u00e1ma: +36\/82\/458-580. A belv\u00e1ros nevezetess\u00e9gei, a sz\u00f3rakoz\u00f3helyek \u00e9s a bev\u00e1s\u00e1rl\u00f3k\u00f6zpontok a sz\u00e1llod\u00e1b\u00f3l gyalog megk\u00f6zel\u00edthet\u0151k.<br>80 hotelszob\u00e1nk mindegyike sz\u00ednes telev\u00edzi\u00f3val, telefonnal, minib\u00e1rral, f\u00fcrd\u0151szob\u00e1val felszerelt. A szob\u00e1kban Wifi m\u0171k\u00f6dik. A hotelhez saj\u00e1t \u0151rz\u00f6tt parkol\u00f3h\u00e1z, lift, szol\u00e1rium, k\u00e1v\u00e9z\u00f3, \u00e9tterem, nyaranta hangulatos terasz, konferenciaterem, k\u00fcl\u00f6nb\u00f6z\u0151 nagys\u00e1g\u00fa rendezv\u00e9nytermek tartoznak.<\/p>\n<\/div><\/div>\n\n\n\n<h4 class=\"wp-block-heading\">SZOBA\u00c1RAK<\/h4>\n\n\n\n<p><\/p>\n\n\n\n<figure class=\"wp-block-table\"><table><tbody><tr><td><\/td><td><strong>SMALL SIZE<\/strong><\/td><td><strong>MEDIUM SIZE<\/strong><\/td><td><strong>BIG SIZE<\/strong><\/td><td><strong>APARTMAN<\/strong><\/td><\/tr><tr><td><\/td><td>Kism\u00e9ret\u0171 szoba erk\u00e9ly n\u00e9lk\u00fcl<\/td><td>K\u00f6zepes m\u00e9ret\u0171 szoba t\u00f6bbs\u00e9g\u00e9ben erk\u00e9llyel<\/td><td>Nagym\u00e9ret\u0171 szoba francia\u00e1ggyal<\/td><td>Lakoszt\u00e1ly francia\u00e1ggyal<\/td><\/tr><tr><td><strong>1 f\u0151<\/strong><\/td><td>10 500 Ft<\/td><td>10 500 Ft<\/td><td>12 500 Ft<\/td><td>16 000 Ft<\/td><\/tr><tr><td><strong>2 f\u0151<\/strong><\/td><td>&#8211;<\/td><td>15 600 Ft<\/td><td>17 500 Ft<\/td><td>22 000 Ft<\/td><\/tr><tr><td><strong>3 f\u0151<\/strong><\/td><td>&#8211;<\/td><td>18 000 Ft (p\u00f3t\u00e1gy)<\/td><td>20 000 Ft (p\u00f3t\u00e1gy)<\/td><td>24 500 Ft (p\u00f3t\u00e1gy)<\/td><\/tr><tr><td><strong>4 f\u0151<\/strong><\/td><td>&#8211;<\/td><td>&#8211;<\/td><td>22 000 Ft (p\u00f3t\u00e1gy)<\/td><td>26 500 Ft (p\u00f3t\u00e1gy)<\/td><\/tr><\/tbody><\/table><\/figure>\n\n\n\n<p>Fenti szoba\u00e1raink tartalmazz\u00e1k az \u00e1ltal\u00e1nos forgalmi ad\u00f3t.<\/p>\n\n\n\n<p>Nem tartalmazz\u00e1k az IFA-t, mely 400 Ft\/f\u0151\/\u00e9j ( 18 \u00e9ves kor felett)<br>Nem tartalmazz\u00e1k a reggeli \u00e1r\u00e1t. Reggeli extra rendelhet\u0151: Feln\u0151tt 1750 Ft\/f\u0151\/nap, gyermek (6 \u00e9ves kor felett) 1250 Ft\/f\u0151\/nap. Reggeli ig\u00e9ny\u00fcket k\u00e9rj\u00fck foglal\u00e1skor jelezni!<br>Sz\u00e1ll\u00e1sfoglal\u00e1s a +36\/82\/458-580 telefonsz\u00e1mon vagy E-mailben: info@kaposhotel.hu<br><\/p>\n\n\n\n<h4 class=\"wp-block-heading\">SZOBAKAPACIT\u00c1S:<\/h4>\n\n\n\n<p>Small size: 14 darab<br>Medium: 42 darab<br>Big size: 14 darab<br>Apartman: 9 darab<\/p>\n\n\n\n<p>Szolg\u00e1ltat\u00e1sok:<\/p>\n\n\n\n<ul class=\"wp-block-list\"><li>Sz\u00e9chenyi Pihen\u0151k\u00e1rtya elfogad\u00e1s<\/li><li>hitelk\u00e1rtya elfogad\u00e1s<\/li><li>Ingyenes WIFI hozz\u00e1f\u00e9r\u00e9s a Hotel eg\u00e9sz ter\u00fclet\u00e9n<\/li><li>\u00e9tterem<\/li><li>k\u00e1v\u00e9z\u00f3<\/li><li>konferenciaterem<\/li><li>sz\u00e9fb\u00e9rl\u00e9s a recepci\u00f3n<\/li><li>mosodai szolg\u00e1ltat\u00e1s<\/li><li>A sz\u00e1lloda kijel\u00f6lt szob\u00e1iba h\u00e1zi\u00e1llat a Vend\u00e9g fel\u00fcgyelet\u00e9vel, t\u00e9r\u00edt\u00e9s ellen\u00e9ben bevihet\u0151. A Vend\u00e9g teljes k\u00f6r\u0171en felel\u0151s a behozott \u00e1llat \u00e1ltal esetlegesen okozott k\u00e1rok\u00e9rt. Kis\u00e1llatd\u00edj: 4.500 Ft\/ h\u00e1zi\u00e1llat \/ \u00e9j<\/li><li>A sz\u00e1llodai szob\u00e1k az \u00e9rkez\u00e9s napj\u00e1n 14 \u00f3r\u00e1t\u00f3l, az elutaz\u00e1s napj\u00e1n 10 \u00f3r\u00e1ig \u00e1llnak kedves Vend\u00e9geink rendelkez\u00e9s\u00e9re. A sz\u00e1lloda foglalts\u00e1g\u00e1nak f\u00fcggv\u00e9ny\u00e9ben, t\u00e9r\u00edt\u00e9s ellen\u00e9ben tudja biztos\u00edtani a korai \u00e9rkez\u00e9s, illetve a k\u00e9s\u0151i elutaz\u00e1s lehet\u0151s\u00e9g\u00e9t. K\u00e9sei check out 15.00 \u00f3r\u00e1ig: 5.000 Ft \/ szoba<\/li><li>Egy\u00e9b programig\u00e9nyek (sport, sz\u00ednh\u00e1z, mozi, ki\u00e1ll\u00edt\u00e1s, f\u00fcrd\u0151l\u00e1togat\u00e1s, stb.) szervez\u00e9s\u00e9hez seg\u00edts\u00e9get ny\u00fajtunk.<\/li><li>Lemond\u00e1si felt\u00e9telek: a.. 21 napon t\u00fal mentes b.. 21 &#8211; 14. nap 30% c.. 13 &#8211; 7. nap 50% d.. 6 &#8211; 1. nap 75% e.. Amennyiben a lemond\u00e1s hat\u00e1rid\u0151n t\u00fal t\u00f6rt\u00e9nik, illetve meg nem jelen\u00e9s eset\u00e9n az els\u0151 \u00e9jszaka ker\u00fcl felsz\u00e1mol\u00e1sra.<\/li><\/ul>\n\n\n\n<h4 class=\"wp-block-heading\">Gyermekkedvezm\u00e9ny:<\/h4>\n\n\n\n<p>Gyermekeknek a sz\u00e1ll\u00e1s 6 \u00e9ves korig ingyenes. Af\u00f6l\u00f6tt a sz\u00fcl\u0151kkel egy szob\u00e1ban p\u00f3t\u00e1gyas elhelyez\u00e9ssel fel\u00e1rat (1.500 Ft\/ gyermek\/\u00e9j) sz\u00e1m\u00edtunk fel 12 \u00e9ves korig. 12 \u00e9ves kor felett a teljes \u00e1r fizetend\u0151.<\/p>\n\n\n\n<h4 class=\"wp-block-heading\">Parkol\u00e1s:<\/h4>\n\n\n\n<p>Sz\u00e1ll\u00f3vend\u00e9geink r\u00e9sz\u00e9re napi 1000 Ft\/aut\u00f3 d\u00edj\u00e9rt z\u00e1rt parkol\u00f3helyet biztos\u00edtunk. A parkol\u00f3h\u00e1zat a Kontr\u00e1ssy utca fel\u0151l lehet megk\u00f6zel\u00edteni.<br>Kapos Hotel parkol\u00f3h\u00e1z GPS koordin\u00e1t\u00e1i:<br>46 21&#8242; 25 92&#8243; N<br>17 47&#8242; 15 36&#8243; E<\/p>\n","protected":false},"excerpt":{"rendered":"<p>2021. szeptember 1-j\u00e9t k\u00f6vet\u0151en, a hat\u00e1lyos jogszab\u00e1lyok \u00e9rtelm\u00e9ben, a Magyarorsz\u00e1gon sz\u00e1ll\u00e1shely-szolg\u00e1ltat\u00e1st ig\u00e9nybe vev\u0151k jogszab\u00e1lyban meghat\u00e1rozott szem\u00e9lyes adatait a sz\u00e1ll\u00e1shely-szolg\u00e1ltat\u00f3 okm\u00e1nyolvas\u00f3n kereszt\u00fcl sz\u00e1ll\u00e1shelykezel\u0151 szoftver\u00e9ben r\u00f6gz\u00edti, \u00e9s egy t\u00e1rhelyre, a Vend\u00e9g Inform\u00e1ci\u00f3s Z\u00e1rt Adatb\u00e1zisba (VIZA) tov\u00e1bb\u00edtja. www.vizainfo.hu. Jogszab\u00e1lyi elrendel\u00e9s alapj\u00e1n a sz\u00e1ll\u00e1shely-szolg\u00e1ltat\u00f3 jogosult elk\u00e9rni a vend\u00e9g szem\u00e9lyazonos\u00edt\u00f3 okm\u00e1ny\u00e1t. Sz\u00e1llod\u00e1nk Kaposv\u00e1r f\u0151ter\u00e9n tal\u00e1lhat\u00f3. Meg\u00fajult szob\u00e1inkb\u00f3l egyed\u00fcl\u00e1ll\u00f3 panor\u00e1ma ny\u00edlik [&hellip;]<\/p>\n","protected":false},"author":1,"featured_media":0,"parent":0,"menu_order":0,"comment_status":"closed","ping_status":"closed","template":"page-szobaink.php","meta":{"ngg_post_thumbnail":0,"footnotes":""},"class_list":["post-100","page","type-page","status-publish","hentry"],"yoast_head":"<!-- This site is optimized with the Yoast SEO plugin v27.4 - https:\/\/yoast.com\/product\/yoast-seo-wordpress\/ -->\n<title>Sz\u00e1lloda - Kapos Hotel<\/title>\n<meta name=\"description\" content=\"Sz\u00e1llod\u00e1nk Kaposv\u00e1r f\u0151ter\u00e9n tal\u00e1lhat\u00f3. Meg\u00fajult szob\u00e1inkb\u00f3l egyed\u00fcl\u00e1ll\u00f3 panor\u00e1ma ny\u00edlik a t\u00f6rt\u00e9nelmi belv\u00e1rosra. V\u00e1rjuk a Hotel Kaposban!\" \/>\n<meta name=\"robots\" content=\"index, follow, max-snippet:-1, max-image-preview:large, max-video-preview:-1\" \/>\n<link rel=\"canonical\" href=\"https:\/\/kaposhotel.hu\/english\/szalloda\/\" \/>\n<meta property=\"og:locale\" content=\"en_US\" \/>\n<meta property=\"og:type\" content=\"article\" \/>\n<meta property=\"og:title\" content=\"Sz\u00e1lloda - Kapos Hotel\" \/>\n<meta property=\"og:description\" content=\"Sz\u00e1llod\u00e1nk Kaposv\u00e1r f\u0151ter\u00e9n tal\u00e1lhat\u00f3. Meg\u00fajult szob\u00e1inkb\u00f3l egyed\u00fcl\u00e1ll\u00f3 panor\u00e1ma ny\u00edlik a t\u00f6rt\u00e9nelmi belv\u00e1rosra. V\u00e1rjuk a Hotel Kaposban!\" \/>\n<meta property=\"og:url\" content=\"https:\/\/kaposhotel.hu\/english\/szalloda\/\" \/>\n<meta property=\"og:site_name\" content=\"Kapos Hotel\" \/>\n<meta property=\"article:modified_time\" content=\"2022-04-28T10:32:32+00:00\" \/>\n<meta property=\"og:image\" content=\"http:\/\/kaposhotel.hu\/wp-content\/uploads\/2022\/03\/recepcio.jpg\" \/>\n<meta name=\"twitter:card\" content=\"summary_large_image\" \/>\n<meta name=\"twitter:label1\" content=\"Est. reading time\" \/>\n\t<meta name=\"twitter:data1\" content=\"3 minutes\" \/>\n<script type=\"application\/ld+json\" class=\"yoast-schema-graph\">{\"@context\":\"https:\\\/\\\/schema.org\",\"@graph\":[{\"@type\":\"WebPage\",\"@id\":\"https:\\\/\\\/kaposhotel.hu\\\/english\\\/szalloda\\\/\",\"url\":\"https:\\\/\\\/kaposhotel.hu\\\/english\\\/szalloda\\\/\",\"name\":\"Sz\u00e1lloda - Kapos Hotel\",\"isPartOf\":{\"@id\":\"https:\\\/\\\/kaposhotel.hu\\\/english\\\/#website\"},\"primaryImageOfPage\":{\"@id\":\"https:\\\/\\\/kaposhotel.hu\\\/english\\\/szalloda\\\/#primaryimage\"},\"image\":{\"@id\":\"https:\\\/\\\/kaposhotel.hu\\\/english\\\/szalloda\\\/#primaryimage\"},\"thumbnailUrl\":\"http:\\\/\\\/kaposhotel.hu\\\/wp-content\\\/uploads\\\/2022\\\/03\\\/recepcio.jpg\",\"datePublished\":\"2022-03-28T17:39:05+00:00\",\"dateModified\":\"2022-04-28T10:32:32+00:00\",\"description\":\"Sz\u00e1llod\u00e1nk Kaposv\u00e1r f\u0151ter\u00e9n tal\u00e1lhat\u00f3. Meg\u00fajult szob\u00e1inkb\u00f3l egyed\u00fcl\u00e1ll\u00f3 panor\u00e1ma ny\u00edlik a t\u00f6rt\u00e9nelmi belv\u00e1rosra. V\u00e1rjuk a Hotel Kaposban!\",\"breadcrumb\":{\"@id\":\"https:\\\/\\\/kaposhotel.hu\\\/english\\\/szalloda\\\/#breadcrumb\"},\"inLanguage\":\"en-US\",\"potentialAction\":[{\"@type\":\"ReadAction\",\"target\":[\"https:\\\/\\\/kaposhotel.hu\\\/english\\\/szalloda\\\/\"]}]},{\"@type\":\"ImageObject\",\"inLanguage\":\"en-US\",\"@id\":\"https:\\\/\\\/kaposhotel.hu\\\/english\\\/szalloda\\\/#primaryimage\",\"url\":\"http:\\\/\\\/kaposhotel.hu\\\/wp-content\\\/uploads\\\/2022\\\/03\\\/recepcio.jpg\",\"contentUrl\":\"http:\\\/\\\/kaposhotel.hu\\\/wp-content\\\/uploads\\\/2022\\\/03\\\/recepcio.jpg\"},{\"@type\":\"BreadcrumbList\",\"@id\":\"https:\\\/\\\/kaposhotel.hu\\\/english\\\/szalloda\\\/#breadcrumb\",\"itemListElement\":[{\"@type\":\"ListItem\",\"position\":1,\"name\":\"Kezd\u0151lap\",\"item\":\"https:\\\/\\\/kaposhotel.hu\\\/english\\\/\"},{\"@type\":\"ListItem\",\"position\":2,\"name\":\"Sz\u00e1lloda\"}]},{\"@type\":\"WebSite\",\"@id\":\"https:\\\/\\\/kaposhotel.hu\\\/english\\\/#website\",\"url\":\"https:\\\/\\\/kaposhotel.hu\\\/english\\\/\",\"name\":\"Kapos Hotel\",\"description\":\"Caf\u00e9, Restaurant\",\"publisher\":{\"@id\":\"https:\\\/\\\/kaposhotel.hu\\\/english\\\/#organization\"},\"potentialAction\":[{\"@type\":\"SearchAction\",\"target\":{\"@type\":\"EntryPoint\",\"urlTemplate\":\"https:\\\/\\\/kaposhotel.hu\\\/english\\\/?s={search_term_string}\"},\"query-input\":{\"@type\":\"PropertyValueSpecification\",\"valueRequired\":true,\"valueName\":\"search_term_string\"}}],\"inLanguage\":\"en-US\"},{\"@type\":\"Organization\",\"@id\":\"https:\\\/\\\/kaposhotel.hu\\\/english\\\/#organization\",\"name\":\"Kapos Hotel - Caf\u00e9, Restaurant\",\"url\":\"https:\\\/\\\/kaposhotel.hu\\\/english\\\/\",\"logo\":{\"@type\":\"ImageObject\",\"inLanguage\":\"en-US\",\"@id\":\"https:\\\/\\\/kaposhotel.hu\\\/english\\\/#\\\/schema\\\/logo\\\/image\\\/\",\"url\":\"http:\\\/\\\/kaposhotel.hu\\\/wp-content\\\/uploads\\\/2022\\\/04\\\/favicon.png\",\"contentUrl\":\"http:\\\/\\\/kaposhotel.hu\\\/wp-content\\\/uploads\\\/2022\\\/04\\\/favicon.png\",\"width\":512,\"height\":512,\"caption\":\"Kapos Hotel - Caf\u00e9, Restaurant\"},\"image\":{\"@id\":\"https:\\\/\\\/kaposhotel.hu\\\/english\\\/#\\\/schema\\\/logo\\\/image\\\/\"}}]}<\/script>\n<!-- \/ Yoast SEO plugin. -->","yoast_head_json":{"title":"Sz\u00e1lloda - Kapos Hotel","description":"Sz\u00e1llod\u00e1nk Kaposv\u00e1r f\u0151ter\u00e9n tal\u00e1lhat\u00f3. Meg\u00fajult szob\u00e1inkb\u00f3l egyed\u00fcl\u00e1ll\u00f3 panor\u00e1ma ny\u00edlik a t\u00f6rt\u00e9nelmi belv\u00e1rosra. V\u00e1rjuk a Hotel Kaposban!","robots":{"index":"index","follow":"follow","max-snippet":"max-snippet:-1","max-image-preview":"max-image-preview:large","max-video-preview":"max-video-preview:-1"},"canonical":"https:\/\/kaposhotel.hu\/english\/szalloda\/","og_locale":"en_US","og_type":"article","og_title":"Sz\u00e1lloda - Kapos Hotel","og_description":"Sz\u00e1llod\u00e1nk Kaposv\u00e1r f\u0151ter\u00e9n tal\u00e1lhat\u00f3. Meg\u00fajult szob\u00e1inkb\u00f3l egyed\u00fcl\u00e1ll\u00f3 panor\u00e1ma ny\u00edlik a t\u00f6rt\u00e9nelmi belv\u00e1rosra. V\u00e1rjuk a Hotel Kaposban!","og_url":"https:\/\/kaposhotel.hu\/english\/szalloda\/","og_site_name":"Kapos Hotel","article_modified_time":"2022-04-28T10:32:32+00:00","og_image":[{"url":"http:\/\/kaposhotel.hu\/wp-content\/uploads\/2022\/03\/recepcio.jpg","type":"","width":"","height":""}],"twitter_card":"summary_large_image","twitter_misc":{"Est. reading time":"3 minutes"},"schema":{"@context":"https:\/\/schema.org","@graph":[{"@type":"WebPage","@id":"https:\/\/kaposhotel.hu\/english\/szalloda\/","url":"https:\/\/kaposhotel.hu\/english\/szalloda\/","name":"Sz\u00e1lloda - Kapos Hotel","isPartOf":{"@id":"https:\/\/kaposhotel.hu\/english\/#website"},"primaryImageOfPage":{"@id":"https:\/\/kaposhotel.hu\/english\/szalloda\/#primaryimage"},"image":{"@id":"https:\/\/kaposhotel.hu\/english\/szalloda\/#primaryimage"},"thumbnailUrl":"http:\/\/kaposhotel.hu\/wp-content\/uploads\/2022\/03\/recepcio.jpg","datePublished":"2022-03-28T17:39:05+00:00","dateModified":"2022-04-28T10:32:32+00:00","description":"Sz\u00e1llod\u00e1nk Kaposv\u00e1r f\u0151ter\u00e9n tal\u00e1lhat\u00f3. Meg\u00fajult szob\u00e1inkb\u00f3l egyed\u00fcl\u00e1ll\u00f3 panor\u00e1ma ny\u00edlik a t\u00f6rt\u00e9nelmi belv\u00e1rosra. V\u00e1rjuk a Hotel Kaposban!","breadcrumb":{"@id":"https:\/\/kaposhotel.hu\/english\/szalloda\/#breadcrumb"},"inLanguage":"en-US","potentialAction":[{"@type":"ReadAction","target":["https:\/\/kaposhotel.hu\/english\/szalloda\/"]}]},{"@type":"ImageObject","inLanguage":"en-US","@id":"https:\/\/kaposhotel.hu\/english\/szalloda\/#primaryimage","url":"http:\/\/kaposhotel.hu\/wp-content\/uploads\/2022\/03\/recepcio.jpg","contentUrl":"http:\/\/kaposhotel.hu\/wp-content\/uploads\/2022\/03\/recepcio.jpg"},{"@type":"BreadcrumbList","@id":"https:\/\/kaposhotel.hu\/english\/szalloda\/#breadcrumb","itemListElement":[{"@type":"ListItem","position":1,"name":"Kezd\u0151lap","item":"https:\/\/kaposhotel.hu\/english\/"},{"@type":"ListItem","position":2,"name":"Sz\u00e1lloda"}]},{"@type":"WebSite","@id":"https:\/\/kaposhotel.hu\/english\/#website","url":"https:\/\/kaposhotel.hu\/english\/","name":"Kapos Hotel","description":"Caf\u00e9, Restaurant","publisher":{"@id":"https:\/\/kaposhotel.hu\/english\/#organization"},"potentialAction":[{"@type":"SearchAction","target":{"@type":"EntryPoint","urlTemplate":"https:\/\/kaposhotel.hu\/english\/?s={search_term_string}"},"query-input":{"@type":"PropertyValueSpecification","valueRequired":true,"valueName":"search_term_string"}}],"inLanguage":"en-US"},{"@type":"Organization","@id":"https:\/\/kaposhotel.hu\/english\/#organization","name":"Kapos Hotel - Caf\u00e9, Restaurant","url":"https:\/\/kaposhotel.hu\/english\/","logo":{"@type":"ImageObject","inLanguage":"en-US","@id":"https:\/\/kaposhotel.hu\/english\/#\/schema\/logo\/image\/","url":"http:\/\/kaposhotel.hu\/wp-content\/uploads\/2022\/04\/favicon.png","contentUrl":"http:\/\/kaposhotel.hu\/wp-content\/uploads\/2022\/04\/favicon.png","width":512,"height":512,"caption":"Kapos Hotel - Caf\u00e9, Restaurant"},"image":{"@id":"https:\/\/kaposhotel.hu\/english\/#\/schema\/logo\/image\/"}}]}},"_links":{"self":[{"href":"https:\/\/kaposhotel.hu\/english\/wp-json\/wp\/v2\/pages\/100","targetHints":{"allow":["GET"]}}],"collection":[{"href":"https:\/\/kaposhotel.hu\/english\/wp-json\/wp\/v2\/pages"}],"about":[{"href":"https:\/\/kaposhotel.hu\/english\/wp-json\/wp\/v2\/types\/page"}],"author":[{"embeddable":true,"href":"https:\/\/kaposhotel.hu\/english\/wp-json\/wp\/v2\/users\/1"}],"replies":[{"embeddable":true,"href":"https:\/\/kaposhotel.hu\/english\/wp-json\/wp\/v2\/comments?post=100"}],"version-history":[{"count":2,"href":"https:\/\/kaposhotel.hu\/english\/wp-json\/wp\/v2\/pages\/100\/revisions"}],"predecessor-version":[{"id":102,"href":"https:\/\/kaposhotel.hu\/english\/wp-json\/wp\/v2\/pages\/100\/revisions\/102"}],"wp:attachment":[{"href":"https:\/\/kaposhotel.hu\/english\/wp-json\/wp\/v2\/media?parent=100"}],"curies":[{"name":"wp","href":"https:\/\/api.w.org\/{rel}","templated":true}]}}